{"id":2,"date":"2021-09-27T16:33:30","date_gmt":"2021-09-27T14:33:30","guid":{"rendered":"http:\/\/miyostudio.pl\/\/krabet\/?page_id=2"},"modified":"2025-09-16T10:49:30","modified_gmt":"2025-09-16T08:49:30","slug":"strona-glowna","status":"publish","type":"page","link":"https:\/\/millwell.de\/strona-glowna\/","title":{"rendered":"Strona g\u0142\u00f3wna"},"content":{"rendered":"","protected":false},"excerpt":{"rendered":"","protected":false},"author":3,"featured_media":0,"parent":0,"menu_order":0,"comment_status":"closed","ping_status":"closed","template":"page-templates\/page-home.php","meta":{"ngg_post_thumbnail":0,"footnotes":""},"class_list":["post-2","page","type-page","status-publish","hentry"],"acf":[],"yoast_head":"<!-- This site is optimized with the Yoast SEO plugin v27.3 - https:\/\/yoast.com\/product\/yoast-seo-wordpress\/ -->\n<title>MILLWELL - P\u0141YTY DO OGRZEWANIA POD\u0141OGOWEGO FERMACELL<\/title>\n<meta name=\"description\" content=\"Nasza firma zajmuje si\u0119 frezowanie p\u0142yt FERMACELL do ogrzewania pod\u0142ogowego. Oferowane grubo\u015bci p\u0142yt to 18 mm i 25 mm.\" \/>\n<meta name=\"robots\" content=\"index, follow, max-snippet:-1, max-image-preview:large, max-video-preview:-1\" \/>\n<link rel=\"canonical\" href=\"https:\/\/millwell.de\/strona-glowna\/\" \/>\n<meta property=\"og:locale\" content=\"pl_PL\" \/>\n<meta property=\"og:type\" content=\"article\" \/>\n<meta property=\"og:title\" content=\"KRABET - Materia\u0142y budowlane wysokiej jako\u015bci\" \/>\n<meta property=\"og:description\" content=\"Produkujemy wysokiej jako\u015bci materia\u0142y budowlane z materia\u0142\u00f3w ekonomicznych, z poszanowaniem ekologii - w procesach niskoenergetycznych.\" \/>\n<meta property=\"og:url\" content=\"https:\/\/millwell.de\/strona-glowna\/\" \/>\n<meta property=\"og:site_name\" content=\"MILLWELL\" \/>\n<meta property=\"article:modified_time\" content=\"2025-09-16T08:49:30+00:00\" \/>\n<meta property=\"og:image\" content=\"https:\/\/millwell.de\/wp-content\/uploads\/2021\/10\/dsfsf-e1688553315559.jpg\" \/>\n\t<meta property=\"og:image:width\" content=\"532\" \/>\n\t<meta property=\"og:image:height\" content=\"450\" \/>\n\t<meta property=\"og:image:type\" content=\"image\/jpeg\" \/>\n<meta name=\"twitter:card\" content=\"summary_large_image\" \/>\n<meta name=\"twitter:title\" content=\"KRABET - Materia\u0142y budowlane wysokiej jako\u015bci\" \/>\n<meta name=\"twitter:description\" content=\"Produkujemy wysokiej jako\u015bci materia\u0142y budowlane z materia\u0142\u00f3w ekonomicznych, z poszanowaniem ekologii - w procesach niskoenergetycznych.\" \/>\n<meta name=\"twitter:image\" content=\"https:\/\/millwell.de\/wp-content\/uploads\/2021\/10\/dsfsf-e1688553315559.jpg\" \/>\n<meta name=\"twitter:label1\" content=\"Szacowany czas czytania\" \/>\n\t<meta name=\"twitter:data1\" content=\"1 minuta\" \/>\n<script type=\"application\/ld+json\" class=\"yoast-schema-graph\">{\"@context\":\"https:\\\/\\\/schema.org\",\"@graph\":[{\"@type\":\"WebPage\",\"@id\":\"https:\\\/\\\/millwell.de\\\/strona-glowna\\\/\",\"url\":\"https:\\\/\\\/millwell.de\\\/strona-glowna\\\/\",\"name\":\"MILLWELL - P\u0141YTY DO OGRZEWANIA POD\u0141OGOWEGO FERMACELL\",\"isPartOf\":{\"@id\":\"https:\\\/\\\/millwell.de\\\/strona-glowna\\\/#website\"},\"datePublished\":\"2021-09-27T14:33:30+00:00\",\"dateModified\":\"2025-09-16T08:49:30+00:00\",\"description\":\"Nasza firma zajmuje si\u0119 frezowanie p\u0142yt FERMACELL do ogrzewania pod\u0142ogowego. Oferowane grubo\u015bci p\u0142yt to 18 mm i 25 mm.\",\"breadcrumb\":{\"@id\":\"https:\\\/\\\/millwell.de\\\/strona-glowna\\\/#breadcrumb\"},\"inLanguage\":\"pl-PL\",\"potentialAction\":[{\"@type\":\"ReadAction\",\"target\":[\"https:\\\/\\\/millwell.de\\\/strona-glowna\\\/\"]}]},{\"@type\":\"BreadcrumbList\",\"@id\":\"https:\\\/\\\/millwell.de\\\/strona-glowna\\\/#breadcrumb\",\"itemListElement\":[{\"@type\":\"ListItem\",\"position\":1,\"name\":\"Strona g\u0142\u00f3wna\",\"item\":\"https:\\\/\\\/millwell.de\\\/strona-glowna\\\/\"},{\"@type\":\"ListItem\",\"position\":2,\"name\":\"Strona g\u0142\u00f3wna\"}]},{\"@type\":\"WebSite\",\"@id\":\"https:\\\/\\\/millwell.de\\\/strona-glowna\\\/#website\",\"url\":\"https:\\\/\\\/millwell.de\\\/strona-glowna\\\/\",\"name\":\"MILLWELL\",\"description\":\"Millwell - p\u0142yty do ogrzewania podpod\u0142ogowego w suchej zabudowie\",\"publisher\":{\"@id\":\"https:\\\/\\\/millwell.de\\\/strona-glowna\\\/#organization\"},\"potentialAction\":[{\"@type\":\"SearchAction\",\"target\":{\"@type\":\"EntryPoint\",\"urlTemplate\":\"https:\\\/\\\/millwell.de\\\/strona-glowna\\\/?s={search_term_string}\"},\"query-input\":{\"@type\":\"PropertyValueSpecification\",\"valueRequired\":true,\"valueName\":\"search_term_string\"}}],\"inLanguage\":\"pl-PL\"},{\"@type\":\"Organization\",\"@id\":\"https:\\\/\\\/millwell.de\\\/strona-glowna\\\/#organization\",\"name\":\"KRABET\",\"url\":\"https:\\\/\\\/millwell.de\\\/strona-glowna\\\/\",\"logo\":{\"@type\":\"ImageObject\",\"inLanguage\":\"pl-PL\",\"@id\":\"https:\\\/\\\/millwell.de\\\/strona-glowna\\\/#\\\/schema\\\/logo\\\/image\\\/\",\"url\":\"https:\\\/\\\/krabet.pl\\\/wp-content\\\/uploads\\\/2021\\\/09\\\/KRABET-logo-1.png\",\"contentUrl\":\"https:\\\/\\\/krabet.pl\\\/wp-content\\\/uploads\\\/2021\\\/09\\\/KRABET-logo-1.png\",\"width\":143,\"height\":32,\"caption\":\"KRABET\"},\"image\":{\"@id\":\"https:\\\/\\\/millwell.de\\\/strona-glowna\\\/#\\\/schema\\\/logo\\\/image\\\/\"}}]}<\/script>\n<!-- \/ Yoast SEO plugin. -->","yoast_head_json":{"title":"MILLWELL - P\u0141YTY DO OGRZEWANIA POD\u0141OGOWEGO FERMACELL","description":"Nasza firma zajmuje si\u0119 frezowanie p\u0142yt FERMACELL do ogrzewania pod\u0142ogowego. Oferowane grubo\u015bci p\u0142yt to 18 mm i 25 mm.","robots":{"index":"index","follow":"follow","max-snippet":"max-snippet:-1","max-image-preview":"max-image-preview:large","max-video-preview":"max-video-preview:-1"},"canonical":"https:\/\/millwell.de\/strona-glowna\/","og_locale":"pl_PL","og_type":"article","og_title":"KRABET - Materia\u0142y budowlane wysokiej jako\u015bci","og_description":"Produkujemy wysokiej jako\u015bci materia\u0142y budowlane z materia\u0142\u00f3w ekonomicznych, z poszanowaniem ekologii - w procesach niskoenergetycznych.","og_url":"https:\/\/millwell.de\/strona-glowna\/","og_site_name":"MILLWELL","article_modified_time":"2025-09-16T08:49:30+00:00","og_image":[{"width":532,"height":450,"url":"https:\/\/millwell.de\/wp-content\/uploads\/2021\/10\/dsfsf-e1688553315559.jpg","type":"image\/jpeg"}],"twitter_card":"summary_large_image","twitter_title":"KRABET - Materia\u0142y budowlane wysokiej jako\u015bci","twitter_description":"Produkujemy wysokiej jako\u015bci materia\u0142y budowlane z materia\u0142\u00f3w ekonomicznych, z poszanowaniem ekologii - w procesach niskoenergetycznych.","twitter_image":"https:\/\/millwell.de\/wp-content\/uploads\/2021\/10\/dsfsf-e1688553315559.jpg","twitter_misc":{"Szacowany czas czytania":"1 minuta"},"schema":{"@context":"https:\/\/schema.org","@graph":[{"@type":"WebPage","@id":"https:\/\/millwell.de\/strona-glowna\/","url":"https:\/\/millwell.de\/strona-glowna\/","name":"MILLWELL - P\u0141YTY DO OGRZEWANIA POD\u0141OGOWEGO FERMACELL","isPartOf":{"@id":"https:\/\/millwell.de\/strona-glowna\/#website"},"datePublished":"2021-09-27T14:33:30+00:00","dateModified":"2025-09-16T08:49:30+00:00","description":"Nasza firma zajmuje si\u0119 frezowanie p\u0142yt FERMACELL do ogrzewania pod\u0142ogowego. Oferowane grubo\u015bci p\u0142yt to 18 mm i 25 mm.","breadcrumb":{"@id":"https:\/\/millwell.de\/strona-glowna\/#breadcrumb"},"inLanguage":"pl-PL","potentialAction":[{"@type":"ReadAction","target":["https:\/\/millwell.de\/strona-glowna\/"]}]},{"@type":"BreadcrumbList","@id":"https:\/\/millwell.de\/strona-glowna\/#breadcrumb","itemListElement":[{"@type":"ListItem","position":1,"name":"Strona g\u0142\u00f3wna","item":"https:\/\/millwell.de\/strona-glowna\/"},{"@type":"ListItem","position":2,"name":"Strona g\u0142\u00f3wna"}]},{"@type":"WebSite","@id":"https:\/\/millwell.de\/strona-glowna\/#website","url":"https:\/\/millwell.de\/strona-glowna\/","name":"MILLWELL","description":"Millwell - p\u0142yty do ogrzewania podpod\u0142ogowego w suchej zabudowie","publisher":{"@id":"https:\/\/millwell.de\/strona-glowna\/#organization"},"potentialAction":[{"@type":"SearchAction","target":{"@type":"EntryPoint","urlTemplate":"https:\/\/millwell.de\/strona-glowna\/?s={search_term_string}"},"query-input":{"@type":"PropertyValueSpecification","valueRequired":true,"valueName":"search_term_string"}}],"inLanguage":"pl-PL"},{"@type":"Organization","@id":"https:\/\/millwell.de\/strona-glowna\/#organization","name":"KRABET","url":"https:\/\/millwell.de\/strona-glowna\/","logo":{"@type":"ImageObject","inLanguage":"pl-PL","@id":"https:\/\/millwell.de\/strona-glowna\/#\/schema\/logo\/image\/","url":"https:\/\/krabet.pl\/wp-content\/uploads\/2021\/09\/KRABET-logo-1.png","contentUrl":"https:\/\/krabet.pl\/wp-content\/uploads\/2021\/09\/KRABET-logo-1.png","width":143,"height":32,"caption":"KRABET"},"image":{"@id":"https:\/\/millwell.de\/strona-glowna\/#\/schema\/logo\/image\/"}}]}},"_links":{"self":[{"href":"https:\/\/millwell.de\/strona-glowna\/wp-json\/wp\/v2\/pages\/2","targetHints":{"allow":["GET"]}}],"collection":[{"href":"https:\/\/millwell.de\/strona-glowna\/wp-json\/wp\/v2\/pages"}],"about":[{"href":"https:\/\/millwell.de\/strona-glowna\/wp-json\/wp\/v2\/types\/page"}],"author":[{"embeddable":true,"href":"https:\/\/millwell.de\/strona-glowna\/wp-json\/wp\/v2\/users\/3"}],"replies":[{"embeddable":true,"href":"https:\/\/millwell.de\/strona-glowna\/wp-json\/wp\/v2\/comments?post=2"}],"version-history":[{"count":132,"href":"https:\/\/millwell.de\/strona-glowna\/wp-json\/wp\/v2\/pages\/2\/revisions"}],"predecessor-version":[{"id":1260,"href":"https:\/\/millwell.de\/strona-glowna\/wp-json\/wp\/v2\/pages\/2\/revisions\/1260"}],"wp:attachment":[{"href":"https:\/\/millwell.de\/strona-glowna\/wp-json\/wp\/v2\/media?parent=2"}],"curies":[{"name":"wp","href":"https:\/\/api.w.org\/{rel}","templated":true}]}}