{"id":764,"date":"2023-07-04T21:48:24","date_gmt":"2023-07-04T19:48:24","guid":{"rendered":"https:\/\/millwell.de\/strona-glowna\/?page_id=764"},"modified":"2025-09-16T11:04:39","modified_gmt":"2025-09-16T09:04:39","slug":"poznaj-millwell","status":"publish","type":"page","link":"https:\/\/millwell.de\/strona-glowna\/de\/poznaj-millwell\/","title":{"rendered":"Treffen Sie MillWell"},"content":{"rendered":"<div class=\"wp-block-columns is-layout-flex wp-container-core-columns-is-layout-9d6595d7 wp-block-columns-is-layout-flex\">\n<div class=\"wp-block-column is-layout-flow wp-block-column-is-layout-flow\" style=\"flex-basis:33.33%\"><\/div>\n\n\n\n<div class=\"wp-block-column is-layout-flow wp-block-column-is-layout-flow\" style=\"flex-basis:66.66%\">\n<h2 class=\"wp-block-heading\">Poznaj nas lepiej!<\/h2>\n\n\n\n<p>Sp\u00f3\u0142ka \u201eDwokad\u201d powsta\u0142a w 1995 roku i od pocz\u0105tku zajmuje si\u0119 produkcj\u0105 materia\u0142\u00f3w budowlanych. W 2005 roku otwiera Zak\u0142ad Produkcyjny KRABET w Steblowie ko\u0142o Krapkowic na bazie istniej\u0105cej od 1986 roku wytw\u00f3rni prefabrykat\u00f3w betonowych.<\/p>\n\n\n\n<p>Od 2021 roku id\u0105c za trendem w nowoczesnym budownictwie, postanowili\u015bmy uruchomi\u0107 kolejn\u0105 ga\u0142\u0105\u017a produkcji, jak\u0105 s\u0105 p\u0142yty do ogrzewania pod\u0142ogowego w technologii suchej zabudowy. <\/p>\n\n\n\n<p>Dzi\u0119ki naszemu centrum obr\u00f3bczemu frezowanie mo\u017cna wykona\u0107 szybko i bardzo precyzyjnie, ze szczeg\u00f3lnym naciskiem na jako\u015b\u0107.<\/p>\n\n\n\n<p>W swojej ofercie posiadamy kilka wariant\u00f3w p\u0142yt przeznaczonych do ogrzewania pod\u0142ogowego w systemie suchej zabudowy. <\/p>\n<\/div>\n<\/div>\n\n\n\n<p class=\"has-text-align-left\"><\/p>\n\n\n\n<figure class=\"wp-block-image size-full\"><img loading=\"lazy\" decoding=\"async\" width=\"636\" height=\"354\" src=\"https:\/\/millwell.de\/wp-content\/uploads\/2025\/09\/millwell-logo-solo-bez-tla.png\" alt=\"\" class=\"wp-image-1263\" srcset=\"https:\/\/millwell.de\/wp-content\/uploads\/2025\/09\/millwell-logo-solo-bez-tla.png 636w, https:\/\/millwell.de\/wp-content\/uploads\/2025\/09\/millwell-logo-solo-bez-tla-300x167.png 300w\" sizes=\"auto, (max-width: 636px) 100vw, 636px\" \/><\/figure>","protected":false},"excerpt":{"rendered":"<p>Poznaj nas lepiej! Sp\u00f3\u0142ka \u201eDwokad\u201d powsta\u0142a w 1995 roku i od pocz\u0105tku zajmuje si\u0119 produkcj\u0105 materia\u0142\u00f3w budowlanych. W 2005 roku otwiera Zak\u0142ad Produkcyjny KRABET w Steblowie ko\u0142o Krapkowic na bazie istniej\u0105cej od 1986 roku wytw\u00f3rni prefabrykat\u00f3w betonowych. Od 2021 roku id\u0105c za trendem w nowoczesnym budownictwie, postanowili\u015bmy uruchomi\u0107 kolejn\u0105 ga\u0142\u0105\u017a produkcji, jak\u0105 s\u0105 p\u0142yty do [&hellip;]<\/p>\n","protected":false},"author":3,"featured_media":920,"parent":0,"menu_order":0,"comment_status":"closed","ping_status":"closed","template":"","meta":{"ngg_post_thumbnail":0,"footnotes":""},"class_list":["post-764","page","type-page","status-publish","has-post-thumbnail","hentry"],"acf":[],"yoast_head":"<!-- This site is optimized with the Yoast SEO plugin v27.3 - https:\/\/yoast.com\/product\/yoast-seo-wordpress\/ -->\n<title>Poznaj MillWell - MILLWELL<\/title>\n<meta name=\"robots\" content=\"index, follow, max-snippet:-1, max-image-preview:large, max-video-preview:-1\" \/>\n<link rel=\"canonical\" href=\"https:\/\/millwell.de\/strona-glowna\/de\/poznaj-millwell\/\" \/>\n<meta property=\"og:locale\" content=\"de_DE\" \/>\n<meta property=\"og:type\" content=\"article\" \/>\n<meta property=\"og:title\" content=\"Poznaj MillWell - MILLWELL\" \/>\n<meta property=\"og:description\" content=\"Poznaj nas lepiej! Sp\u00f3\u0142ka \u201eDwokad\u201d powsta\u0142a w 1995 roku i od pocz\u0105tku zajmuje si\u0119 produkcj\u0105 materia\u0142\u00f3w budowlanych. W 2005 roku otwiera Zak\u0142ad Produkcyjny KRABET w Steblowie ko\u0142o Krapkowic na bazie istniej\u0105cej od 1986 roku wytw\u00f3rni prefabrykat\u00f3w betonowych. Od 2021 roku id\u0105c za trendem w nowoczesnym budownictwie, postanowili\u015bmy uruchomi\u0107 kolejn\u0105 ga\u0142\u0105\u017a produkcji, jak\u0105 s\u0105 p\u0142yty do [&hellip;]\" \/>\n<meta property=\"og:url\" content=\"https:\/\/millwell.de\/strona-glowna\/de\/poznaj-millwell\/\" \/>\n<meta property=\"og:site_name\" content=\"MILLWELL\" \/>\n<meta property=\"article:modified_time\" content=\"2025-09-16T09:04:39+00:00\" \/>\n<meta property=\"og:image\" content=\"https:\/\/millwell.de\/wp-content\/uploads\/2023\/07\/frezowanie.png\" \/>\n\t<meta property=\"og:image:width\" content=\"1597\" \/>\n\t<meta property=\"og:image:height\" content=\"756\" \/>\n\t<meta property=\"og:image:type\" content=\"image\/png\" \/>\n<meta name=\"twitter:card\" content=\"summary_large_image\" \/>\n<meta name=\"twitter:label1\" content=\"Gesch\u00e4tzte Lesezeit\" \/>\n\t<meta name=\"twitter:data1\" content=\"1\u00a0Minute\" \/>\n<script type=\"application\/ld+json\" class=\"yoast-schema-graph\">{\"@context\":\"https:\\\/\\\/schema.org\",\"@graph\":[{\"@type\":\"WebPage\",\"@id\":\"https:\\\/\\\/millwell.de\\\/strona-glowna\\\/poznaj-millwell\\\/\",\"url\":\"https:\\\/\\\/millwell.de\\\/strona-glowna\\\/poznaj-millwell\\\/\",\"name\":\"Poznaj MillWell - MILLWELL\",\"isPartOf\":{\"@id\":\"https:\\\/\\\/millwell.de\\\/strona-glowna\\\/#website\"},\"primaryImageOfPage\":{\"@id\":\"https:\\\/\\\/millwell.de\\\/strona-glowna\\\/poznaj-millwell\\\/#primaryimage\"},\"image\":{\"@id\":\"https:\\\/\\\/millwell.de\\\/strona-glowna\\\/poznaj-millwell\\\/#primaryimage\"},\"thumbnailUrl\":\"https:\\\/\\\/millwell.de\\\/wp-content\\\/uploads\\\/2023\\\/07\\\/frezowanie.png\",\"datePublished\":\"2023-07-04T19:48:24+00:00\",\"dateModified\":\"2025-09-16T09:04:39+00:00\",\"breadcrumb\":{\"@id\":\"https:\\\/\\\/millwell.de\\\/strona-glowna\\\/poznaj-millwell\\\/#breadcrumb\"},\"inLanguage\":\"de\",\"potentialAction\":[{\"@type\":\"ReadAction\",\"target\":[\"https:\\\/\\\/millwell.de\\\/strona-glowna\\\/poznaj-millwell\\\/\"]}]},{\"@type\":\"ImageObject\",\"inLanguage\":\"de\",\"@id\":\"https:\\\/\\\/millwell.de\\\/strona-glowna\\\/poznaj-millwell\\\/#primaryimage\",\"url\":\"https:\\\/\\\/millwell.de\\\/wp-content\\\/uploads\\\/2023\\\/07\\\/frezowanie.png\",\"contentUrl\":\"https:\\\/\\\/millwell.de\\\/wp-content\\\/uploads\\\/2023\\\/07\\\/frezowanie.png\",\"width\":1597,\"height\":756},{\"@type\":\"BreadcrumbList\",\"@id\":\"https:\\\/\\\/millwell.de\\\/strona-glowna\\\/poznaj-millwell\\\/#breadcrumb\",\"itemListElement\":[{\"@type\":\"ListItem\",\"position\":1,\"name\":\"Strona g\u0142\u00f3wna\",\"item\":\"https:\\\/\\\/millwell.de\\\/strona-glowna\\\/\"},{\"@type\":\"ListItem\",\"position\":2,\"name\":\"Poznaj MillWell\"}]},{\"@type\":\"WebSite\",\"@id\":\"https:\\\/\\\/millwell.de\\\/strona-glowna\\\/#website\",\"url\":\"https:\\\/\\\/millwell.de\\\/strona-glowna\\\/\",\"name\":\"MILLWELL\",\"description\":\"Millwell - p\u0142yty do ogrzewania podpod\u0142ogowego w suchej zabudowie\",\"publisher\":{\"@id\":\"https:\\\/\\\/millwell.de\\\/strona-glowna\\\/#organization\"},\"potentialAction\":[{\"@type\":\"SearchAction\",\"target\":{\"@type\":\"EntryPoint\",\"urlTemplate\":\"https:\\\/\\\/millwell.de\\\/strona-glowna\\\/?s={search_term_string}\"},\"query-input\":{\"@type\":\"PropertyValueSpecification\",\"valueRequired\":true,\"valueName\":\"search_term_string\"}}],\"inLanguage\":\"de\"},{\"@type\":\"Organization\",\"@id\":\"https:\\\/\\\/millwell.de\\\/strona-glowna\\\/#organization\",\"name\":\"KRABET\",\"url\":\"https:\\\/\\\/millwell.de\\\/strona-glowna\\\/\",\"logo\":{\"@type\":\"ImageObject\",\"inLanguage\":\"de\",\"@id\":\"https:\\\/\\\/millwell.de\\\/strona-glowna\\\/#\\\/schema\\\/logo\\\/image\\\/\",\"url\":\"https:\\\/\\\/krabet.pl\\\/wp-content\\\/uploads\\\/2021\\\/09\\\/KRABET-logo-1.png\",\"contentUrl\":\"https:\\\/\\\/krabet.pl\\\/wp-content\\\/uploads\\\/2021\\\/09\\\/KRABET-logo-1.png\",\"width\":143,\"height\":32,\"caption\":\"KRABET\"},\"image\":{\"@id\":\"https:\\\/\\\/millwell.de\\\/strona-glowna\\\/#\\\/schema\\\/logo\\\/image\\\/\"}}]}<\/script>\n<!-- \/ Yoast SEO plugin. -->","yoast_head_json":{"title":"Poznaj MillWell - MILLWELL","robots":{"index":"index","follow":"follow","max-snippet":"max-snippet:-1","max-image-preview":"max-image-preview:large","max-video-preview":"max-video-preview:-1"},"canonical":"https:\/\/millwell.de\/strona-glowna\/de\/poznaj-millwell\/","og_locale":"de_DE","og_type":"article","og_title":"Poznaj MillWell - MILLWELL","og_description":"Poznaj nas lepiej! Sp\u00f3\u0142ka \u201eDwokad\u201d powsta\u0142a w 1995 roku i od pocz\u0105tku zajmuje si\u0119 produkcj\u0105 materia\u0142\u00f3w budowlanych. W 2005 roku otwiera Zak\u0142ad Produkcyjny KRABET w Steblowie ko\u0142o Krapkowic na bazie istniej\u0105cej od 1986 roku wytw\u00f3rni prefabrykat\u00f3w betonowych. Od 2021 roku id\u0105c za trendem w nowoczesnym budownictwie, postanowili\u015bmy uruchomi\u0107 kolejn\u0105 ga\u0142\u0105\u017a produkcji, jak\u0105 s\u0105 p\u0142yty do [&hellip;]","og_url":"https:\/\/millwell.de\/strona-glowna\/de\/poznaj-millwell\/","og_site_name":"MILLWELL","article_modified_time":"2025-09-16T09:04:39+00:00","og_image":[{"width":1597,"height":756,"url":"https:\/\/millwell.de\/wp-content\/uploads\/2023\/07\/frezowanie.png","type":"image\/png"}],"twitter_card":"summary_large_image","twitter_misc":{"Gesch\u00e4tzte Lesezeit":"1\u00a0Minute"},"schema":{"@context":"https:\/\/schema.org","@graph":[{"@type":"WebPage","@id":"https:\/\/millwell.de\/strona-glowna\/poznaj-millwell\/","url":"https:\/\/millwell.de\/strona-glowna\/poznaj-millwell\/","name":"Poznaj MillWell - MILLWELL","isPartOf":{"@id":"https:\/\/millwell.de\/strona-glowna\/#website"},"primaryImageOfPage":{"@id":"https:\/\/millwell.de\/strona-glowna\/poznaj-millwell\/#primaryimage"},"image":{"@id":"https:\/\/millwell.de\/strona-glowna\/poznaj-millwell\/#primaryimage"},"thumbnailUrl":"https:\/\/millwell.de\/wp-content\/uploads\/2023\/07\/frezowanie.png","datePublished":"2023-07-04T19:48:24+00:00","dateModified":"2025-09-16T09:04:39+00:00","breadcrumb":{"@id":"https:\/\/millwell.de\/strona-glowna\/poznaj-millwell\/#breadcrumb"},"inLanguage":"de","potentialAction":[{"@type":"ReadAction","target":["https:\/\/millwell.de\/strona-glowna\/poznaj-millwell\/"]}]},{"@type":"ImageObject","inLanguage":"de","@id":"https:\/\/millwell.de\/strona-glowna\/poznaj-millwell\/#primaryimage","url":"https:\/\/millwell.de\/wp-content\/uploads\/2023\/07\/frezowanie.png","contentUrl":"https:\/\/millwell.de\/wp-content\/uploads\/2023\/07\/frezowanie.png","width":1597,"height":756},{"@type":"BreadcrumbList","@id":"https:\/\/millwell.de\/strona-glowna\/poznaj-millwell\/#breadcrumb","itemListElement":[{"@type":"ListItem","position":1,"name":"Strona g\u0142\u00f3wna","item":"https:\/\/millwell.de\/strona-glowna\/"},{"@type":"ListItem","position":2,"name":"Poznaj MillWell"}]},{"@type":"WebSite","@id":"https:\/\/millwell.de\/strona-glowna\/#website","url":"https:\/\/millwell.de\/strona-glowna\/","name":"MILLWELL","description":"Millwell - p\u0142yty do ogrzewania podpod\u0142ogowego w suchej zabudowie","publisher":{"@id":"https:\/\/millwell.de\/strona-glowna\/#organization"},"potentialAction":[{"@type":"SearchAction","target":{"@type":"EntryPoint","urlTemplate":"https:\/\/millwell.de\/strona-glowna\/?s={search_term_string}"},"query-input":{"@type":"PropertyValueSpecification","valueRequired":true,"valueName":"search_term_string"}}],"inLanguage":"de"},{"@type":"Organization","@id":"https:\/\/millwell.de\/strona-glowna\/#organization","name":"KRABET","url":"https:\/\/millwell.de\/strona-glowna\/","logo":{"@type":"ImageObject","inLanguage":"de","@id":"https:\/\/millwell.de\/strona-glowna\/#\/schema\/logo\/image\/","url":"https:\/\/krabet.pl\/wp-content\/uploads\/2021\/09\/KRABET-logo-1.png","contentUrl":"https:\/\/krabet.pl\/wp-content\/uploads\/2021\/09\/KRABET-logo-1.png","width":143,"height":32,"caption":"KRABET"},"image":{"@id":"https:\/\/millwell.de\/strona-glowna\/#\/schema\/logo\/image\/"}}]}},"_links":{"self":[{"href":"https:\/\/millwell.de\/strona-glowna\/de\/wp-json\/wp\/v2\/pages\/764","targetHints":{"allow":["GET"]}}],"collection":[{"href":"https:\/\/millwell.de\/strona-glowna\/de\/wp-json\/wp\/v2\/pages"}],"about":[{"href":"https:\/\/millwell.de\/strona-glowna\/de\/wp-json\/wp\/v2\/types\/page"}],"author":[{"embeddable":true,"href":"https:\/\/millwell.de\/strona-glowna\/de\/wp-json\/wp\/v2\/users\/3"}],"replies":[{"embeddable":true,"href":"https:\/\/millwell.de\/strona-glowna\/de\/wp-json\/wp\/v2\/comments?post=764"}],"version-history":[{"count":35,"href":"https:\/\/millwell.de\/strona-glowna\/de\/wp-json\/wp\/v2\/pages\/764\/revisions"}],"predecessor-version":[{"id":1264,"href":"https:\/\/millwell.de\/strona-glowna\/de\/wp-json\/wp\/v2\/pages\/764\/revisions\/1264"}],"wp:featuredmedia":[{"embeddable":true,"href":"https:\/\/millwell.de\/strona-glowna\/de\/wp-json\/wp\/v2\/media\/920"}],"wp:attachment":[{"href":"https:\/\/millwell.de\/strona-glowna\/de\/wp-json\/wp\/v2\/media?parent=764"}],"curies":[{"name":"wp","href":"https:\/\/api.w.org\/{rel}","templated":true}]}}