{"id":1227,"date":"2025-06-30T08:37:49","date_gmt":"2025-06-30T06:37:49","guid":{"rendered":"https:\/\/millwell.de\/strona-glowna\/?page_id=1227"},"modified":"2025-08-11T12:19:08","modified_gmt":"2025-08-11T10:19:08","slug":"dofinansowania","status":"publish","type":"page","link":"https:\/\/millwell.de\/strona-glowna\/de\/dofinansowania\/","title":{"rendered":"Subventionen"},"content":{"rendered":"<figure class=\"wp-block-image size-large\"><img loading=\"lazy\" decoding=\"async\" width=\"1024\" height=\"689\" src=\"https:\/\/millwell.de\/wp-content\/uploads\/2025\/08\/TABLICA-zmiana-1024x689.jpg\" alt=\"\" class=\"wp-image-1243\" srcset=\"https:\/\/millwell.de\/wp-content\/uploads\/2025\/08\/TABLICA-zmiana-1024x689.jpg 1024w, https:\/\/millwell.de\/wp-content\/uploads\/2025\/08\/TABLICA-zmiana-300x202.jpg 300w, https:\/\/millwell.de\/wp-content\/uploads\/2025\/08\/TABLICA-zmiana-768x516.jpg 768w, https:\/\/millwell.de\/wp-content\/uploads\/2025\/08\/TABLICA-zmiana.jpg 1200w\" sizes=\"auto, (max-width: 1024px) 100vw, 1024px\" \/><\/figure>\n\n\n\n<p>DWOKAD Sp\u00f3\u0142ka z Ograniczon\u0105 Odpowiedzialno\u015bci\u0105 w Brzeszczach \u2013 Zak\u0142ad produkcyjny w Steblowie otrzyma\u0142a dofinansowanie na realizacj\u0119 Projektu ze \u015brodk\u00f3w Funduszu Ubezpiecze\u0144 Spo\u0142ecznych.<\/p>\n\n\n\n<p>Tytu\u0142 projektu: Projekt dotyczy utrzymania zdolno\u015bci do pracy przez ca\u0142y okres aktywno\u015bci zawodowej.<\/p>\n\n\n\n<p>Dofinansowanie:&nbsp;<strong>222.489,54 PLN<\/strong><\/p>\n\n\n\n<p>Ca\u0142kowita Warto\u015b\u0107:&nbsp;<strong>286.497,64 PLN<\/strong><\/p>\n\n\n\n<p>Data podpisania umowy:&nbsp;<strong>Grudzie\u0144 2024<\/strong><\/p>\n\n\n\n<p><\/p>","protected":false},"excerpt":{"rendered":"<p>DWOKAD Sp\u00f3\u0142ka z Ograniczon\u0105 Odpowiedzialno\u015bci\u0105 w Brzeszczach \u2013 Zak\u0142ad produkcyjny w Steblowie otrzyma\u0142a dofinansowanie na realizacj\u0119 Projektu ze \u015brodk\u00f3w Funduszu Ubezpiecze\u0144 Spo\u0142ecznych. Tytu\u0142 projektu: Projekt dotyczy utrzymania zdolno\u015bci do pracy przez ca\u0142y okres aktywno\u015bci zawodowej. Dofinansowanie:&nbsp;222.489,54 PLN Ca\u0142kowita Warto\u015b\u0107:&nbsp;286.497,64 PLN Data podpisania umowy:&nbsp;Grudzie\u0144 2024<\/p>","protected":false},"author":3,"featured_media":0,"parent":0,"menu_order":0,"comment_status":"closed","ping_status":"closed","template":"","meta":{"ngg_post_thumbnail":0,"footnotes":""},"class_list":["post-1227","page","type-page","status-publish","hentry"],"acf":[],"yoast_head":"<!-- This site is optimized with the Yoast SEO plugin v27.3 - https:\/\/yoast.com\/product\/yoast-seo-wordpress\/ -->\n<title>Dofinansowania - MILLWELL<\/title>\n<meta name=\"robots\" content=\"index, follow, max-snippet:-1, max-image-preview:large, max-video-preview:-1\" \/>\n<link rel=\"canonical\" href=\"https:\/\/millwell.de\/strona-glowna\/de\/dofinansowania\/\" \/>\n<meta property=\"og:locale\" content=\"de_DE\" \/>\n<meta property=\"og:type\" content=\"article\" \/>\n<meta property=\"og:title\" content=\"Dofinansowania - MILLWELL\" \/>\n<meta property=\"og:description\" content=\"DWOKAD Sp\u00f3\u0142ka z Ograniczon\u0105 Odpowiedzialno\u015bci\u0105 w Brzeszczach \u2013 Zak\u0142ad produkcyjny w Steblowie otrzyma\u0142a dofinansowanie na realizacj\u0119 Projektu ze \u015brodk\u00f3w Funduszu Ubezpiecze\u0144 Spo\u0142ecznych. Tytu\u0142 projektu: Projekt dotyczy utrzymania zdolno\u015bci do pracy przez ca\u0142y okres aktywno\u015bci zawodowej. Dofinansowanie:&nbsp;222.489,54 PLN Ca\u0142kowita Warto\u015b\u0107:&nbsp;286.497,64 PLN Data podpisania umowy:&nbsp;Grudzie\u0144 2024\" \/>\n<meta property=\"og:url\" content=\"https:\/\/millwell.de\/strona-glowna\/de\/dofinansowania\/\" \/>\n<meta property=\"og:site_name\" content=\"MILLWELL\" \/>\n<meta property=\"article:modified_time\" content=\"2025-08-11T10:19:08+00:00\" \/>\n<meta property=\"og:image\" content=\"https:\/\/millwell.de\/wp-content\/uploads\/2025\/08\/TABLICA-zmiana.jpg\" \/>\n\t<meta property=\"og:image:width\" content=\"1200\" \/>\n\t<meta property=\"og:image:height\" content=\"807\" \/>\n\t<meta property=\"og:image:type\" content=\"image\/jpeg\" \/>\n<meta name=\"twitter:card\" content=\"summary_large_image\" \/>\n<meta name=\"twitter:label1\" content=\"Gesch\u00e4tzte Lesezeit\" \/>\n\t<meta name=\"twitter:data1\" content=\"1\u00a0Minute\" \/>\n<script type=\"application\/ld+json\" class=\"yoast-schema-graph\">{\"@context\":\"https:\\\/\\\/schema.org\",\"@graph\":[{\"@type\":\"WebPage\",\"@id\":\"https:\\\/\\\/millwell.de\\\/strona-glowna\\\/dofinansowania\\\/\",\"url\":\"https:\\\/\\\/millwell.de\\\/strona-glowna\\\/dofinansowania\\\/\",\"name\":\"Dofinansowania - MILLWELL\",\"isPartOf\":{\"@id\":\"https:\\\/\\\/millwell.de\\\/strona-glowna\\\/#website\"},\"primaryImageOfPage\":{\"@id\":\"https:\\\/\\\/millwell.de\\\/strona-glowna\\\/dofinansowania\\\/#primaryimage\"},\"image\":{\"@id\":\"https:\\\/\\\/millwell.de\\\/strona-glowna\\\/dofinansowania\\\/#primaryimage\"},\"thumbnailUrl\":\"https:\\\/\\\/millwell.de\\\/wp-content\\\/uploads\\\/2025\\\/08\\\/TABLICA-zmiana-1024x689.jpg\",\"datePublished\":\"2025-06-30T06:37:49+00:00\",\"dateModified\":\"2025-08-11T10:19:08+00:00\",\"breadcrumb\":{\"@id\":\"https:\\\/\\\/millwell.de\\\/strona-glowna\\\/dofinansowania\\\/#breadcrumb\"},\"inLanguage\":\"de\",\"potentialAction\":[{\"@type\":\"ReadAction\",\"target\":[\"https:\\\/\\\/millwell.de\\\/strona-glowna\\\/dofinansowania\\\/\"]}]},{\"@type\":\"ImageObject\",\"inLanguage\":\"de\",\"@id\":\"https:\\\/\\\/millwell.de\\\/strona-glowna\\\/dofinansowania\\\/#primaryimage\",\"url\":\"https:\\\/\\\/millwell.de\\\/wp-content\\\/uploads\\\/2025\\\/08\\\/TABLICA-zmiana-1024x689.jpg\",\"contentUrl\":\"https:\\\/\\\/millwell.de\\\/wp-content\\\/uploads\\\/2025\\\/08\\\/TABLICA-zmiana-1024x689.jpg\"},{\"@type\":\"BreadcrumbList\",\"@id\":\"https:\\\/\\\/millwell.de\\\/strona-glowna\\\/dofinansowania\\\/#breadcrumb\",\"itemListElement\":[{\"@type\":\"ListItem\",\"position\":1,\"name\":\"Strona g\u0142\u00f3wna\",\"item\":\"https:\\\/\\\/millwell.de\\\/strona-glowna\\\/\"},{\"@type\":\"ListItem\",\"position\":2,\"name\":\"Dofinansowania\"}]},{\"@type\":\"WebSite\",\"@id\":\"https:\\\/\\\/millwell.de\\\/strona-glowna\\\/#website\",\"url\":\"https:\\\/\\\/millwell.de\\\/strona-glowna\\\/\",\"name\":\"MILLWELL\",\"description\":\"Millwell - p\u0142yty do ogrzewania podpod\u0142ogowego w suchej zabudowie\",\"publisher\":{\"@id\":\"https:\\\/\\\/millwell.de\\\/strona-glowna\\\/#organization\"},\"potentialAction\":[{\"@type\":\"SearchAction\",\"target\":{\"@type\":\"EntryPoint\",\"urlTemplate\":\"https:\\\/\\\/millwell.de\\\/strona-glowna\\\/?s={search_term_string}\"},\"query-input\":{\"@type\":\"PropertyValueSpecification\",\"valueRequired\":true,\"valueName\":\"search_term_string\"}}],\"inLanguage\":\"de\"},{\"@type\":\"Organization\",\"@id\":\"https:\\\/\\\/millwell.de\\\/strona-glowna\\\/#organization\",\"name\":\"KRABET\",\"url\":\"https:\\\/\\\/millwell.de\\\/strona-glowna\\\/\",\"logo\":{\"@type\":\"ImageObject\",\"inLanguage\":\"de\",\"@id\":\"https:\\\/\\\/millwell.de\\\/strona-glowna\\\/#\\\/schema\\\/logo\\\/image\\\/\",\"url\":\"https:\\\/\\\/krabet.pl\\\/wp-content\\\/uploads\\\/2021\\\/09\\\/KRABET-logo-1.png\",\"contentUrl\":\"https:\\\/\\\/krabet.pl\\\/wp-content\\\/uploads\\\/2021\\\/09\\\/KRABET-logo-1.png\",\"width\":143,\"height\":32,\"caption\":\"KRABET\"},\"image\":{\"@id\":\"https:\\\/\\\/millwell.de\\\/strona-glowna\\\/#\\\/schema\\\/logo\\\/image\\\/\"}}]}<\/script>\n<!-- \/ Yoast SEO plugin. -->","yoast_head_json":{"title":"Dofinansowania - MILLWELL","robots":{"index":"index","follow":"follow","max-snippet":"max-snippet:-1","max-image-preview":"max-image-preview:large","max-video-preview":"max-video-preview:-1"},"canonical":"https:\/\/millwell.de\/strona-glowna\/de\/dofinansowania\/","og_locale":"de_DE","og_type":"article","og_title":"Dofinansowania - MILLWELL","og_description":"DWOKAD Sp\u00f3\u0142ka z Ograniczon\u0105 Odpowiedzialno\u015bci\u0105 w Brzeszczach \u2013 Zak\u0142ad produkcyjny w Steblowie otrzyma\u0142a dofinansowanie na realizacj\u0119 Projektu ze \u015brodk\u00f3w Funduszu Ubezpiecze\u0144 Spo\u0142ecznych. Tytu\u0142 projektu: Projekt dotyczy utrzymania zdolno\u015bci do pracy przez ca\u0142y okres aktywno\u015bci zawodowej. Dofinansowanie:&nbsp;222.489,54 PLN Ca\u0142kowita Warto\u015b\u0107:&nbsp;286.497,64 PLN Data podpisania umowy:&nbsp;Grudzie\u0144 2024","og_url":"https:\/\/millwell.de\/strona-glowna\/de\/dofinansowania\/","og_site_name":"MILLWELL","article_modified_time":"2025-08-11T10:19:08+00:00","og_image":[{"width":1200,"height":807,"url":"https:\/\/millwell.de\/wp-content\/uploads\/2025\/08\/TABLICA-zmiana.jpg","type":"image\/jpeg"}],"twitter_card":"summary_large_image","twitter_misc":{"Gesch\u00e4tzte Lesezeit":"1\u00a0Minute"},"schema":{"@context":"https:\/\/schema.org","@graph":[{"@type":"WebPage","@id":"https:\/\/millwell.de\/strona-glowna\/dofinansowania\/","url":"https:\/\/millwell.de\/strona-glowna\/dofinansowania\/","name":"Dofinansowania - MILLWELL","isPartOf":{"@id":"https:\/\/millwell.de\/strona-glowna\/#website"},"primaryImageOfPage":{"@id":"https:\/\/millwell.de\/strona-glowna\/dofinansowania\/#primaryimage"},"image":{"@id":"https:\/\/millwell.de\/strona-glowna\/dofinansowania\/#primaryimage"},"thumbnailUrl":"https:\/\/millwell.de\/wp-content\/uploads\/2025\/08\/TABLICA-zmiana-1024x689.jpg","datePublished":"2025-06-30T06:37:49+00:00","dateModified":"2025-08-11T10:19:08+00:00","breadcrumb":{"@id":"https:\/\/millwell.de\/strona-glowna\/dofinansowania\/#breadcrumb"},"inLanguage":"de","potentialAction":[{"@type":"ReadAction","target":["https:\/\/millwell.de\/strona-glowna\/dofinansowania\/"]}]},{"@type":"ImageObject","inLanguage":"de","@id":"https:\/\/millwell.de\/strona-glowna\/dofinansowania\/#primaryimage","url":"https:\/\/millwell.de\/wp-content\/uploads\/2025\/08\/TABLICA-zmiana-1024x689.jpg","contentUrl":"https:\/\/millwell.de\/wp-content\/uploads\/2025\/08\/TABLICA-zmiana-1024x689.jpg"},{"@type":"BreadcrumbList","@id":"https:\/\/millwell.de\/strona-glowna\/dofinansowania\/#breadcrumb","itemListElement":[{"@type":"ListItem","position":1,"name":"Strona g\u0142\u00f3wna","item":"https:\/\/millwell.de\/strona-glowna\/"},{"@type":"ListItem","position":2,"name":"Dofinansowania"}]},{"@type":"WebSite","@id":"https:\/\/millwell.de\/strona-glowna\/#website","url":"https:\/\/millwell.de\/strona-glowna\/","name":"MILLWELL","description":"Millwell - p\u0142yty do ogrzewania podpod\u0142ogowego w suchej zabudowie","publisher":{"@id":"https:\/\/millwell.de\/strona-glowna\/#organization"},"potentialAction":[{"@type":"SearchAction","target":{"@type":"EntryPoint","urlTemplate":"https:\/\/millwell.de\/strona-glowna\/?s={search_term_string}"},"query-input":{"@type":"PropertyValueSpecification","valueRequired":true,"valueName":"search_term_string"}}],"inLanguage":"de"},{"@type":"Organization","@id":"https:\/\/millwell.de\/strona-glowna\/#organization","name":"KRABET","url":"https:\/\/millwell.de\/strona-glowna\/","logo":{"@type":"ImageObject","inLanguage":"de","@id":"https:\/\/millwell.de\/strona-glowna\/#\/schema\/logo\/image\/","url":"https:\/\/krabet.pl\/wp-content\/uploads\/2021\/09\/KRABET-logo-1.png","contentUrl":"https:\/\/krabet.pl\/wp-content\/uploads\/2021\/09\/KRABET-logo-1.png","width":143,"height":32,"caption":"KRABET"},"image":{"@id":"https:\/\/millwell.de\/strona-glowna\/#\/schema\/logo\/image\/"}}]}},"_links":{"self":[{"href":"https:\/\/millwell.de\/strona-glowna\/de\/wp-json\/wp\/v2\/pages\/1227","targetHints":{"allow":["GET"]}}],"collection":[{"href":"https:\/\/millwell.de\/strona-glowna\/de\/wp-json\/wp\/v2\/pages"}],"about":[{"href":"https:\/\/millwell.de\/strona-glowna\/de\/wp-json\/wp\/v2\/types\/page"}],"author":[{"embeddable":true,"href":"https:\/\/millwell.de\/strona-glowna\/de\/wp-json\/wp\/v2\/users\/3"}],"replies":[{"embeddable":true,"href":"https:\/\/millwell.de\/strona-glowna\/de\/wp-json\/wp\/v2\/comments?post=1227"}],"version-history":[{"count":6,"href":"https:\/\/millwell.de\/strona-glowna\/de\/wp-json\/wp\/v2\/pages\/1227\/revisions"}],"predecessor-version":[{"id":1244,"href":"https:\/\/millwell.de\/strona-glowna\/de\/wp-json\/wp\/v2\/pages\/1227\/revisions\/1244"}],"wp:attachment":[{"href":"https:\/\/millwell.de\/strona-glowna\/de\/wp-json\/wp\/v2\/media?parent=1227"}],"curies":[{"name":"wp","href":"https:\/\/api.w.org\/{rel}","templated":true}]}}